{"id":8047,"date":"2020-04-10T18:07:07","date_gmt":"2020-04-10T16:07:07","guid":{"rendered":"https:\/\/agents.tresor.gouv.ci\/v2\/?page_id=8047"},"modified":"2026-03-24T13:13:53","modified_gmt":"2026-03-24T13:13:53","slug":"login","status":"publish","type":"page","link":"https:\/\/agents.tresor.gouv.ci\/v2\/","title":{"rendered":"Login"},"content":{"rendered":"\t\t<div data-elementor-type=\"wp-page\" data-elementor-id=\"8047\" class=\"elementor elementor-8047\" data-elementor-settings=\"[]\">\n\t\t\t<div class=\"elementor-inner\">\n\t\t\t\t<div class=\"elementor-section-wrap\">\n\t\t\t\t\t\t\t<section class=\"elementor-element elementor-element-2bb9a0f elementor-section-boxed elementor-section-height-default elementor-section-height-default elementor-section elementor-top-section\" data-id=\"2bb9a0f\" data-element_type=\"section\">\n\t\t\t\t\t\t<div class=\"elementor-container elementor-column-gap-default\">\n\t\t\t\t<div class=\"elementor-row\">\n\t\t\t\t<div class=\"elementor-element elementor-element-f2d28d0 elementor-column elementor-col-50 elementor-top-column\" data-id=\"f2d28d0\" data-element_type=\"column\">\n\t\t\t<div class=\"elementor-column-wrap  elementor-element-populated\">\n\t\t\t\t\t<div class=\"elementor-widget-wrap\">\n\t\t\t\t<div class=\"elementor-element elementor-element-e8b6d16 elementor-widget elementor-widget-image\" data-id=\"e8b6d16\" data-element_type=\"widget\" data-widget_type=\"image.default\">\n\t\t\t\t<div class=\"elementor-widget-container\">\n\t\t\t\t\t<div class=\"elementor-image\">\n\t\t\t\t\t\t\t\t\t\t<img loading=\"lazy\" decoding=\"async\" width=\"1024\" height=\"921\" src=\"https:\/\/agents.tresor.gouv.ci\/v2\/wp-content\/uploads\/2020\/03\/LOGO-TRESOR-DEF-1024x921.png\" class=\"attachment-large size-large\" alt=\"\" srcset=\"https:\/\/agents.tresor.gouv.ci\/v2\/wp-content\/uploads\/2020\/03\/LOGO-TRESOR-DEF-1024x921.png 1024w, https:\/\/agents.tresor.gouv.ci\/v2\/wp-content\/uploads\/2020\/03\/LOGO-TRESOR-DEF-300x270.png 300w, https:\/\/agents.tresor.gouv.ci\/v2\/wp-content\/uploads\/2020\/03\/LOGO-TRESOR-DEF-768x691.png 768w, https:\/\/agents.tresor.gouv.ci\/v2\/wp-content\/uploads\/2020\/03\/LOGO-TRESOR-DEF.png 1273w\" sizes=\"auto, (max-width: 1024px) 100vw, 1024px\" \/>\t\t\t\t\t\t\t\t\t\t\t<\/div>\n\t\t\t\t<\/div>\n\t\t\t\t<\/div>\n\t\t\t\t<div class=\"elementor-element elementor-element-0db2e1a elementor-widget elementor-widget-shortcode\" data-id=\"0db2e1a\" data-element_type=\"widget\" data-widget_type=\"shortcode.default\">\n\t\t\t\t<div class=\"elementor-widget-container\">\n\t\t\t\t\t<div class=\"elementor-shortcode\">\n<div id=\"wpmpLoginSection\" class=\"container-fluid\">\n    <div class=\"row\">\n        <div class=\"col-12\">\n                            <form name=\"wpmpLoginForm\" id=\"wpmpLoginForm\" method=\"post\" class=\"\">\n\n                    <h4 class=\"form-title\">Veuillez vous connecter<\/h4>\n                    <div id=\"wpmp-login-loader-info\" class=\"wpmp-loader\" style=\"display:none;\">\n                        <img decoding=\"async\" src=\"https:\/\/agents.tresor.gouv.ci\/v2\/wp-content\/plugins\/wp-front-end-login-and-register\/public\/images\/ajax-loader.gif\"\/>\n                        <span>Please wait ...<\/span>\n                    <\/div>\n                    <div id=\"wpmp-login-alert\" class=\"alert alert-danger\" role=\"alert\" style=\"display:none;\"><\/div>\n\n                    <div class=\"fields mt-4\">\n                        <div class=\"form-group mb-2\">\n                            <label for=\"username\">Matricule<\/label>\n                            <input type=\"text\" class=\"form-control\" name=\"wpmp_username\" id=\"wpmp_username\" placeholder=\"\">\n                            <i class=\"icon ion-ios-person\"><\/i>\n                        <\/div>\n                        <div class=\"form-group\">\n                            <label for=\"password\">Mot de passe<\/label>\n                            <input type=\"password\" class=\"form-control\" name=\"wpmp_password\" id=\"wpmp_password\" placeholder=\"\" >\n                            <i class=\"icon ion-ios-lock\"><\/i>\n                        <\/div>\n                        <div class=\"form-group has-feedback\" style=\"display:none;\" id=\"showcodeotp\">\n                            <label for=\"codeotp\">Veuillez saisir le code OTP<\/label>\n                            <input type=\"password\" class=\"form-control\" name=\"codeotp\" id=\"codeotp\" value=\"\" data-fv-field=\"codeotp\">\n                            <input type=\"hidden\" class=\"form-control\" name=\"isdentotp\" id=\"isdentotp\" value=\"\" >\n                            <i class=\"icon ion-ios-lock\"><\/i>\n                        <\/div>\n                    <\/div>\n                                        <input type=\"hidden\" name=\"redirection_url\" id=\"redirection_url\" value=\"https:\/\/agents.tresor.gouv.ci\/v2\/?page_id=7524\" \/>\n\n                    <input type=\"hidden\" id=\"wpmp_login_nonce\" name=\"wpmp_login_nonce\" value=\"23aad0403f\" \/><input type=\"hidden\" name=\"_wp_http_referer\" value=\"\/v2\/index.php?rest_route=%2Fwp%2Fv2%2Fpages%2F8047\" \/>                    <div class=\"btn-bottom text-center\">\n                        <button type=\"button\" class=\"mt-4\" name=\"resetOTP\" id=\"resetOTP\" disabled=\"disabled\" style=\"color: #ffffff;background-color: #4E64DD;\">Reprendre<\/button>\n                        <button type=\"submit\" class=\"mt-4\" name=\"submitbtn\" id=\"submitbtn\">Connexion<\/button>\n                    <\/div>\n                                        <!-- <button id=\"btnForgotPassword\" type=\"button\" class=\"btn btn-primary\">Mot de passe oubli\u00e9<\/button> -->\n                                    <\/form>\n                <div id=\"wpmpResetPasswordSection\" class=\"container-fluid  hidden\">\n    <div class=\"row\">\n        <div class=\"col-xs-8 col-md-10\"> \n                        <h3>r\u00e9initialiser le mot de passe<\/h3>\n\n            <div id=\"wpmp-resetpassword-loader-info\" class=\"wpmp-loader\" style=\"display:none;\">\n                <img decoding=\"async\" src=\"https:\/\/agents.tresor.gouv.ci\/v2\/wp-content\/plugins\/wp-front-end-login-and-register\/public\/images\/ajax-loader.gif\"\/>\n                <span>Please wait ...<\/span>\n            <\/div>\n            <div id=\"wpmp-resetpassword-alert\" class=\"alert alert-danger\" role=\"alert\" style=\"display:none;\"><\/div>\n\n            <form name=\"wpmpResetPasswordForm\" id=\"wpmpResetPasswordForm\" method=\"post\">\n                                    <div class=\"form-group\">\n                        <label for=\"email\">Email<\/label>\n                        <input type=\"text\" class=\"form-control\" name=\"wpmp_rp_email\" id=\"wpmp_rp_email\" placeholder=\"Email\">\n                    <\/div>\n                    <input type=\"hidden\" name=\"wpmp_current_url\" id=\"wpmp_current_url\" value=\"https:\/\/agents.tresor.gouv.ci\/v2\/\" \/>\n                                    <input type=\"hidden\" id=\"wpmp_resetpassword_nonce\" name=\"wpmp_resetpassword_nonce\" value=\"9c6a03cfa8\" \/><input type=\"hidden\" name=\"_wp_http_referer\" value=\"\/v2\/index.php?rest_route=%2Fwp%2Fv2%2Fpages%2F8047\" \/>                <button type=\"submit\" class=\"btn btn-primary\">r\u00e9initialiser le mot de passe<\/button>\n                <button type=\"button\" id=\"btnReturnToLogin\" class=\"btn btn-primary\">Retour \u00e0 la connexion<\/button>\n\n            <\/form>\n\n        <\/div>\n    <\/div>\n<\/div>\n\n                        <\/div>\n    <\/div>\n<\/div>\n<\/div>\n\t\t\t\t<\/div>\n\t\t\t\t<\/div>\n\t\t\t\t<div class=\"elementor-element elementor-element-d75478e elementor-widget elementor-widget-spacer\" data-id=\"d75478e\" data-element_type=\"widget\" data-widget_type=\"spacer.default\">\n\t\t\t\t<div class=\"elementor-widget-container\">\n\t\t\t\t\t<div class=\"elementor-spacer\">\n\t\t\t<div class=\"elementor-spacer-inner\"><\/div>\n\t\t<\/div>\n\t\t\t\t<\/div>\n\t\t\t\t<\/div>\n\t\t\t\t<div class=\"elementor-element elementor-element-abee2d1 elementor-align-center elementor-icon-list--layout-traditional elementor-widget elementor-widget-icon-list\" data-id=\"abee2d1\" data-element_type=\"widget\" data-widget_type=\"icon-list.default\">\n\t\t\t\t<div class=\"elementor-widget-container\">\n\t\t\t\t\t<ul class=\"elementor-icon-list-items\">\n\t\t\t\t\t\t\t<li class=\"elementor-icon-list-item\" >\n\t\t\t\t\t<a href=\"https:\/\/agents.tresor.gouv.ci\/v2\/?page_id=8873\">\t\t\t\t\t\t<span class=\"elementor-icon-list-icon\">\n\t\t\t\t\t\t\t<i aria-hidden=\"true\" class=\"fas fa-user-lock\"><\/i>\t\t\t\t\t\t<\/span>\n\t\t\t\t\t\t\t\t\t\t<span class=\"elementor-icon-list-text\">Mot de passe oubli\u00e9 ?<\/span>\n\t\t\t\t\t\t\t\t\t\t\t<\/a>\n\t\t\t\t\t\t\t\t\t<\/li>\n\t\t\t\t\t\t<\/ul>\n\t\t\t\t<\/div>\n\t\t\t\t<\/div>\n\t\t\t\t\t\t<\/div>\n\t\t\t<\/div>\n\t\t<\/div>\n\t\t\t\t<div class=\"elementor-element elementor-element-30926fd elementor-column elementor-col-50 elementor-top-column\" data-id=\"30926fd\" data-element_type=\"column\">\n\t\t\t<div class=\"elementor-column-wrap  elementor-element-populated\">\n\t\t\t\t\t<div class=\"elementor-widget-wrap\">\n\t\t\t\t<div class=\"elementor-element elementor-element-8fedef7 elementor-widget elementor-widget-image\" data-id=\"8fedef7\" data-element_type=\"widget\" data-widget_type=\"image.default\">\n\t\t\t\t<div class=\"elementor-widget-container\">\n\t\t\t\t\t<div class=\"elementor-image\">\n\t\t\t\t\t\t\t\t\t\t<img loading=\"lazy\" decoding=\"async\" width=\"1134\" height=\"872\" src=\"https:\/\/agents.tresor.gouv.ci\/v2\/wp-content\/uploads\/2024\/04\/DGTCP_LOGIN_PAGE_CREA_2_FINAL.jpg\" class=\"attachment-full size-full\" alt=\"\" srcset=\"https:\/\/agents.tresor.gouv.ci\/v2\/wp-content\/uploads\/2024\/04\/DGTCP_LOGIN_PAGE_CREA_2_FINAL.jpg 1134w, https:\/\/agents.tresor.gouv.ci\/v2\/wp-content\/uploads\/2024\/04\/DGTCP_LOGIN_PAGE_CREA_2_FINAL-300x231.jpg 300w, https:\/\/agents.tresor.gouv.ci\/v2\/wp-content\/uploads\/2024\/04\/DGTCP_LOGIN_PAGE_CREA_2_FINAL-1024x787.jpg 1024w, https:\/\/agents.tresor.gouv.ci\/v2\/wp-content\/uploads\/2024\/04\/DGTCP_LOGIN_PAGE_CREA_2_FINAL-768x591.jpg 768w, https:\/\/agents.tresor.gouv.ci\/v2\/wp-content\/uploads\/2024\/04\/DGTCP_LOGIN_PAGE_CREA_2_FINAL-500x384.jpg 500w\" sizes=\"auto, (max-width: 1134px) 100vw, 1134px\" \/>\t\t\t\t\t\t\t\t\t\t\t<\/div>\n\t\t\t\t<\/div>\n\t\t\t\t<\/div>\n\t\t\t\t<div class=\"elementor-element elementor-element-d267bb1 elementor-widget elementor-widget-spacer\" data-id=\"d267bb1\" data-element_type=\"widget\" data-widget_type=\"spacer.default\">\n\t\t\t\t<div class=\"elementor-widget-container\">\n\t\t\t\t\t<div class=\"elementor-spacer\">\n\t\t\t<div class=\"elementor-spacer-inner\"><\/div>\n\t\t<\/div>\n\t\t\t\t<\/div>\n\t\t\t\t<\/div>\n\t\t\t\t<div class=\"elementor-element elementor-element-019408b elementor-widget elementor-widget-heading\" data-id=\"019408b\" data-element_type=\"widget\" data-widget_type=\"heading.default\">\n\t\t\t\t<div class=\"elementor-widget-container\">\n\t\t\t<h2 class=\"elementor-heading-title elementor-size-default\">Copyright \u00a9 2025 Espace Agents \u2014 DSI TR\u00c9SOR PUBLIC tous droits r\u00e9serv\u00e9s.<\/h2>\t\t<\/div>\n\t\t\t\t<\/div>\n\t\t\t\t\t\t<\/div>\n\t\t\t<\/div>\n\t\t<\/div>\n\t\t\t\t\t\t<\/div>\n\t\t\t<\/div>\n\t\t<\/section>\n\t\t\t\t\t\t<\/div>\n\t\t\t<\/div>\n\t\t<\/div>\n\t\t","protected":false},"excerpt":{"rendered":"<p>Mot de passe oubli\u00e9 ? Copyright \u00a9 2025 Espace Agents \u2014 DSI TR\u00c9SOR PUBLIC tous [&hellip;]<\/p>\n","protected":false},"author":1,"featured_media":0,"parent":0,"menu_order":0,"comment_status":"closed","ping_status":"closed","template":"elementor_canvas","meta":{"footnotes":""},"class_list":["post-8047","page","type-page","status-publish","hentry"],"_links":{"self":[{"href":"https:\/\/agents.tresor.gouv.ci\/v2\/index.php?rest_route=\/wp\/v2\/pages\/8047","targetHints":{"allow":["GET"]}}],"collection":[{"href":"https:\/\/agents.tresor.gouv.ci\/v2\/index.php?rest_route=\/wp\/v2\/pages"}],"about":[{"href":"https:\/\/agents.tresor.gouv.ci\/v2\/index.php?rest_route=\/wp\/v2\/types\/page"}],"author":[{"embeddable":true,"href":"https:\/\/agents.tresor.gouv.ci\/v2\/index.php?rest_route=\/wp\/v2\/users\/1"}],"replies":[{"embeddable":true,"href":"https:\/\/agents.tresor.gouv.ci\/v2\/index.php?rest_route=%2Fwp%2Fv2%2Fcomments&post=8047"}],"version-history":[{"count":53,"href":"https:\/\/agents.tresor.gouv.ci\/v2\/index.php?rest_route=\/wp\/v2\/pages\/8047\/revisions"}],"predecessor-version":[{"id":12872,"href":"https:\/\/agents.tresor.gouv.ci\/v2\/index.php?rest_route=\/wp\/v2\/pages\/8047\/revisions\/12872"}],"wp:attachment":[{"href":"https:\/\/agents.tresor.gouv.ci\/v2\/index.php?rest_route=%2Fwp%2Fv2%2Fmedia&parent=8047"}],"curies":[{"name":"wp","href":"https:\/\/api.w.org\/{rel}","templated":true}]}}