{"id":8030,"date":"2020-04-10T00:25:33","date_gmt":"2020-04-09T22:25:33","guid":{"rendered":"https:\/\/agents.tresor.gouv.ci\/v2\/?page_id=8030"},"modified":"2023-04-03T10:52:52","modified_gmt":"2023-04-03T10:52:52","slug":"test-page","status":"publish","type":"page","link":"https:\/\/agents.tresor.gouv.ci\/v2\/?page_id=8030","title":{"rendered":"Mon dossier personnel"},"content":{"rendered":"<div class=\"members-access-error\">\n<div class=\"container\">\n<div><\/div>\n<div><\/div>\n<div><\/div>\n<div class=\"col-12\">D\u00e9sol\u00e9, vous n&#8217;\u00eates pas autoris\u00e9 \u00e0 voir le contenu de cette page.<\/div>\n<\/div>\n<\/div>\n","protected":false},"excerpt":{"rendered":"<div class=\"members-access-error\">\n<div class=\"container\">\n<div><\/div>\n<div><\/div>\n<div><\/div>\n<div class=\"col-12\">D\u00e9sol\u00e9, vous n&#8217;\u00eates pas autoris\u00e9 \u00e0 voir le contenu de cette page.<\/div>\n<\/div>\n<\/div>\n","protected":false},"author":1,"featured_media":0,"parent":0,"menu_order":0,"comment_status":"closed","ping_status":"closed","template":"mon-dossier-personnel.php","meta":{"footnotes":""},"class_list":["post-8030","page","type-page","status-publish","hentry"],"_links":{"self":[{"href":"https:\/\/agents.tresor.gouv.ci\/v2\/index.php?rest_route=\/wp\/v2\/pages\/8030","targetHints":{"allow":["GET"]}}],"collection":[{"href":"https:\/\/agents.tresor.gouv.ci\/v2\/index.php?rest_route=\/wp\/v2\/pages"}],"about":[{"href":"https:\/\/agents.tresor.gouv.ci\/v2\/index.php?rest_route=\/wp\/v2\/types\/page"}],"author":[{"embeddable":true,"href":"https:\/\/agents.tresor.gouv.ci\/v2\/index.php?rest_route=\/wp\/v2\/users\/1"}],"replies":[{"embeddable":true,"href":"https:\/\/agents.tresor.gouv.ci\/v2\/index.php?rest_route=%2Fwp%2Fv2%2Fcomments&post=8030"}],"version-history":[{"count":6,"href":"https:\/\/agents.tresor.gouv.ci\/v2\/index.php?rest_route=\/wp\/v2\/pages\/8030\/revisions"}],"predecessor-version":[{"id":11743,"href":"https:\/\/agents.tresor.gouv.ci\/v2\/index.php?rest_route=\/wp\/v2\/pages\/8030\/revisions\/11743"}],"wp:attachment":[{"href":"https:\/\/agents.tresor.gouv.ci\/v2\/index.php?rest_route=%2Fwp%2Fv2%2Fmedia&parent=8030"}],"curies":[{"name":"wp","href":"https:\/\/api.w.org\/{rel}","templated":true}]}}